{"id":668,"date":"2022-08-24T20:22:56","date_gmt":"2022-08-24T23:22:56","guid":{"rendered":"https:\/\/okna.com.br\/about-us\/"},"modified":"2023-08-26T08:21:45","modified_gmt":"2023-08-26T11:21:45","slug":"about-us","status":"publish","type":"page","link":"https:\/\/okna.com.br\/en\/about-us\/","title":{"rendered":"About us"},"content":{"rendered":"\t\t<div data-elementor-type=\"wp-page\" data-elementor-id=\"668\" class=\"elementor elementor-668 elementor-25\" data-elementor-post-type=\"page\">\n\t\t\t\t<div class=\"elementor-element elementor-element-bc80dc4 e-flex e-con-boxed e-con e-parent\" data-id=\"bc80dc4\" data-element_type=\"container\" data-settings=\"{&quot;content_width&quot;:&quot;boxed&quot;}\" data-core-v316-plus=\"true\">\n\t\t\t\t\t<div class=\"e-con-inner\">\n\t\t<div class=\"elementor-element elementor-element-0723276 e-con-full e-flex e-con e-parent\" data-id=\"0723276\" data-element_type=\"container\" data-settings=\"{&quot;content_width&quot;:&quot;full&quot;}\" data-core-v316-plus=\"true\">\n\t\t\t\t<div class=\"elementor-element elementor-element-1593c20 jet-breadcrumbs-align-center elementor-widget__width-inherit elementor-widget elementor-widget-jet-breadcrumbs\" data-id=\"1593c20\" data-element_type=\"widget\" data-widget_type=\"jet-breadcrumbs.default\">\n\t\t\t\t<div class=\"elementor-widget-container\">\n\t\t\t<div class=\"elementor-jet-breadcrumbs jet-blocks\">\n\t\t<div class=\"jet-breadcrumbs\">\n\t\t<div class=\"jet-breadcrumbs__content\">\n\t\t<div class=\"jet-breadcrumbs__wrap\"><div class=\"jet-breadcrumbs__item\"><a href=\"https:\/\/okna.com.br\/en\/\" class=\"jet-breadcrumbs__item-link is-home\" rel=\"home\" title=\"Home\">Home<\/a><\/div>\n\t\t<\/div>\n\t\t<\/div>\n\t\t<\/div><\/div>\t\t<\/div>\n\t\t\t\t<\/div>\n\t\t\t\t<\/div>\n\t\t<div class=\"elementor-element elementor-element-c2cb405 e-con-full e-flex e-con e-parent\" data-id=\"c2cb405\" data-element_type=\"container\" data-settings=\"{&quot;content_width&quot;:&quot;full&quot;}\" data-core-v316-plus=\"true\">\n\t\t<div class=\"elementor-element elementor-element-9effaf1 e-con-full e-flex e-con e-parent\" data-id=\"9effaf1\" data-element_type=\"container\" data-settings=\"{&quot;content_width&quot;:&quot;full&quot;}\" data-core-v316-plus=\"true\">\n\t\t\t\t<div class=\"elementor-element elementor-element-e32166c elementor-widget__width-initial elementor-widget elementor-widget-text-editor\" data-id=\"e32166c\" data-element_type=\"widget\" data-widget_type=\"text-editor.default\">\n\t\t\t\t<div class=\"elementor-widget-container\">\n\t\t\t<style>\/*! elementor - v3.19.0 - 29-01-2024 *\/\n.elementor-widget-text-editor.elementor-drop-cap-view-stacked .elementor-drop-cap{background-color:#69727d;color:#fff}.elementor-widget-text-editor.elementor-drop-cap-view-framed .elementor-drop-cap{color:#69727d;border:3px solid;background-color:transparent}.elementor-widget-text-editor:not(.elementor-drop-cap-view-default) .elementor-drop-cap{margin-top:8px}.elementor-widget-text-editor:not(.elementor-drop-cap-view-default) .elementor-drop-cap-letter{width:1em;height:1em}.elementor-widget-text-editor .elementor-drop-cap{float:left;text-align:center;line-height:1;font-size:50px}.elementor-widget-text-editor .elementor-drop-cap-letter{display:inline-block}<\/style>\t\t\t\t<p><span class=\"highlight\">Okna<\/span> is the Polish word for <span class=\"highlight\">windows<\/span>.<\/p>\n<p>It carries, therefore, the company\u2019s <span class=\"highlight\">essence<\/span>: our <span class=\"highlight\">productions<\/span> are windows to the <span class=\"highlight\">world<\/span>, reaching everyone through <span class=\"highlight\">exhibition screens<\/span>.<\/p>\n<p>Founded in 2006 by producer Alet\u00e9ia Selonk, Okna Productions produces <span class=\"highlight\">content<\/span> and is dedicated to making projects for <span class=\"highlight\">theater and television<\/span>.<\/p>\n<p>Specialized in production and executive production of audiovisual products, it manages projects and <span class=\"highlight\">creative talents<\/span>.<\/p>\n<p>Its <span class=\"highlight\">catalog<\/span>, with <span class=\"highlight\">8 feature films, 19 medium-length films, 18 short films and 6 TV series<\/span>, makes the company one of the most active in southern Brazil.<\/p>\n<p>We are present in <span class=\"highlight\">festivals<\/span>, screenings, market <span class=\"highlight\">events<\/span>, <span class=\"highlight\">development laboratories<\/span> in the 5 continents of the <span class=\"highlight\">world<\/span> and have already establish partnerships with production companies from Uruguay, Argentina, France, Germany and Italy.<\/p>\n\t\t\t\t\t\t<\/div>\n\t\t\t\t<\/div>\n\t\t\t\t<\/div>\n\t\t<div class=\"elementor-element elementor-element-20ff9c1 e-con-full e-flex e-con e-parent\" data-id=\"20ff9c1\" data-element_type=\"container\" data-settings=\"{&quot;content_width&quot;:&quot;full&quot;,&quot;animation_mobile_extra&quot;:&quot;none&quot;}\" data-core-v316-plus=\"true\">\n\t\t\t\t<div class=\"elementor-element elementor-element-52d95e4 elementor-widget elementor-widget-image\" data-id=\"52d95e4\" data-element_type=\"widget\" data-settings=\"{&quot;motion_fx_motion_fx_mouse&quot;:&quot;yes&quot;,&quot;motion_fx_tilt_effect&quot;:&quot;yes&quot;,&quot;motion_fx_tilt_speed&quot;:{&quot;unit&quot;:&quot;px&quot;,&quot;size&quot;:2,&quot;sizes&quot;:[]}}\" data-widget_type=\"image.default\">\n\t\t\t\t<div class=\"elementor-widget-container\">\n\t\t\t<style>\/*! elementor - v3.19.0 - 29-01-2024 *\/\n.elementor-widget-image{text-align:center}.elementor-widget-image a{display:inline-block}.elementor-widget-image a img[src$=\".svg\"]{width:48px}.elementor-widget-image img{vertical-align:middle;display:inline-block}<\/style>\t\t\t\t\t\t\t\t\t\t<img fetchpriority=\"high\" decoding=\"async\" width=\"542\" height=\"656\" src=\"https:\/\/okna.com.br\/wp-content\/uploads\/2022\/09\/quem-somos-image-okna-producoes-produtora-de-conteudo-audiovisual.webp\" class=\"attachment-full size-full wp-image-238\" alt=\"\" srcset=\"https:\/\/okna.com.br\/wp-content\/uploads\/2022\/09\/quem-somos-image-okna-producoes-produtora-de-conteudo-audiovisual.webp 542w, https:\/\/okna.com.br\/wp-content\/uploads\/2022\/09\/quem-somos-image-okna-producoes-produtora-de-conteudo-audiovisual-248x300.webp 248w\" sizes=\"(max-width: 542px) 100vw, 542px\" \/>\t\t\t\t\t\t\t\t\t\t\t\t\t<\/div>\n\t\t\t\t<\/div>\n\t\t\t\t<\/div>\n\t\t\t\t<\/div>\n\t\t<div class=\"elementor-element elementor-element-e3ca2e5 e-con-full e-flex e-con e-parent\" data-id=\"e3ca2e5\" data-element_type=\"container\" data-settings=\"{&quot;content_width&quot;:&quot;full&quot;}\" data-core-v316-plus=\"true\">\n\t\t\t\t<div class=\"elementor-element elementor-element-de1d6f0 elementor-widget__width-inherit elementor-widget elementor-widget-heading\" data-id=\"de1d6f0\" data-element_type=\"widget\" data-widget_type=\"heading.default\">\n\t\t\t\t<div class=\"elementor-widget-container\">\n\t\t\t<style>\/*! elementor - v3.19.0 - 29-01-2024 *\/\n.elementor-heading-title{padding:0;margin:0;line-height:1}.elementor-widget-heading .elementor-heading-title[class*=elementor-size-]>a{color:inherit;font-size:inherit;line-height:inherit}.elementor-widget-heading .elementor-heading-title.elementor-size-small{font-size:15px}.elementor-widget-heading .elementor-heading-title.elementor-size-medium{font-size:19px}.elementor-widget-heading .elementor-heading-title.elementor-size-large{font-size:29px}.elementor-widget-heading .elementor-heading-title.elementor-size-xl{font-size:39px}.elementor-widget-heading .elementor-heading-title.elementor-size-xxl{font-size:59px}<\/style><h2 class=\"elementor-heading-title elementor-size-default\">Manifest<\/h2>\t\t<\/div>\n\t\t\t\t<\/div>\n\t\t<div class=\"elementor-element elementor-element-d16498f e-con-full e-flex e-con e-parent\" data-id=\"d16498f\" data-element_type=\"container\" data-settings=\"{&quot;content_width&quot;:&quot;full&quot;}\" data-core-v316-plus=\"true\">\n\t\t\t\t<div class=\"elementor-element elementor-element-40d9f4e elementor-widget__width-initial elementor-widget elementor-widget-text-editor\" data-id=\"40d9f4e\" data-element_type=\"widget\" data-widget_type=\"text-editor.default\">\n\t\t\t\t<div class=\"elementor-widget-container\">\n\t\t\t\t\t\t\t<p>I am a space for creation. <br \/>I have many ideas and, more than that, willingness to make them happen.<br \/>I create universes. I create movements. I create inspiration.<br \/>I like people and, because of that, I also build bonds, connections, opportunities to be together.<\/p>\n<p>I like smiling, takings deep breaths, looking with depth and speaking softly.<br \/>I appreciate vibrant energies and light serene constant flows.<\/p>\n\t\t\t\t\t\t<\/div>\n\t\t\t\t<\/div>\n\t\t\t\t<\/div>\n\t\t<div class=\"elementor-element elementor-element-22852c9 e-con-full e-flex e-con e-parent\" data-id=\"22852c9\" data-element_type=\"container\" data-settings=\"{&quot;content_width&quot;:&quot;full&quot;}\" data-core-v316-plus=\"true\">\n\t\t\t\t<div class=\"elementor-element elementor-element-634e694 elementor-widget__width-initial elementor-widget elementor-widget-text-editor\" data-id=\"634e694\" data-element_type=\"widget\" data-widget_type=\"text-editor.default\">\n\t\t\t\t<div class=\"elementor-widget-container\">\n\t\t\t\t\t\t\t<p>I like opening a window to look ahead, to look outside. And with that vision I see myself, too.<br \/>I like opening windows to frame in them talents, inventions, fictions, realities.<\/p>\n\t\t\t\t\t\t<\/div>\n\t\t\t\t<\/div>\n\t\t\t\t<div class=\"elementor-element elementor-element-bd2185a elementor-widget__width-initial elementor-widget elementor-widget-heading\" data-id=\"bd2185a\" data-element_type=\"widget\" data-widget_type=\"heading.default\">\n\t\t\t\t<div class=\"elementor-widget-container\">\n\t\t\t<h2 class=\"elementor-heading-title elementor-size-default\">I am Okna.<\/h2>\t\t<\/div>\n\t\t\t\t<\/div>\n\t\t\t\t<\/div>\n\t\t\t\t<\/div>\n\t\t<div class=\"elementor-element elementor-element-1e75c50 e-con-full e-flex e-con e-parent\" data-id=\"1e75c50\" data-element_type=\"container\" data-settings=\"{&quot;content_width&quot;:&quot;full&quot;}\" data-core-v316-plus=\"true\">\n\t\t\t\t<div class=\"elementor-element elementor-element-39ea210 elementor-widget__width-inherit elementor-widget elementor-widget-heading\" data-id=\"39ea210\" data-element_type=\"widget\" data-widget_type=\"heading.default\">\n\t\t\t\t<div class=\"elementor-widget-container\">\n\t\t\t<h2 class=\"elementor-heading-title elementor-size-default\">Team<\/h2>\t\t<\/div>\n\t\t\t\t<\/div>\n\t\t\t\t<div class=\"elementor-element elementor-element-e5e009c elementor-widget__width-inherit elementor-widget elementor-widget-text-editor\" data-id=\"e5e009c\" data-element_type=\"widget\" data-widget_type=\"text-editor.default\">\n\t\t\t\t<div class=\"elementor-widget-container\">\n\t\t\t\t\t\t\t<p>Okna&#8217;s team is formed by the producers:<\/p>\n\t\t\t\t\t\t<\/div>\n\t\t\t\t<\/div>\n\t\t\t\t<div class=\"elementor-element elementor-element-7c7a6c2 elementor-widget elementor-widget-jet-image-accordion\" data-id=\"7c7a6c2\" data-element_type=\"widget\" data-widget_type=\"jet-image-accordion.default\">\n\t\t\t\t<div class=\"elementor-widget-container\">\n\t\t\t<div class=\"elementor-jet-image-accordion jet-tabs-addons\"><div class=\"jet-image-accordion jet-image-accordion-vertical-orientation jet-image-accordion-circ-ease\" role=\"tablist\" data-settings=\"{&quot;orientation&quot;:&quot;vertical&quot;,&quot;activeSize&quot;:{&quot;unit&quot;:&quot;%&quot;,&quot;size&quot;:60,&quot;sizes&quot;:[]},&quot;duration&quot;:500,&quot;activeItem&quot;:-1}\">\n\t<div class=\"jet-image-accordion__list\">\n<div class=\"jet-image-accordion__item\" role=\"tab\" aria-selected=\"false\" tabindex=\"0\">\n<img decoding=\"async\" class=\"jet-image-accordion__image-instance\" src=\"https:\/\/okna.com.br\/wp-content\/uploads\/2022\/09\/quem-somos-equipe-aleteia-image-okna-producoes-produtora-de-conteudo-audiovisual.webp\" alt=\"quem-somos-equipe-aleteia-image-okna-producoes-produtora-de-conteudo-audiovisual\">\t<div class=\"jet-image-accordion__content\"><h3 class=\"jet-image-accordion__title\">Alet\u00e9ia Selonk<\/h3><div class=\"jet-image-accordion__desc\">Producer. Since Okna\u2019s foundation, dedicated to managing talents and audiovisual projects, from creation to commercialization, acting as creative producer. Professor holding a PhD in Social Communication (PUCRS), with attendance at Sorbonne (Paris V). President of Forcine \u2013 Brazilian Forum of Audiovisual and Cinema Teaching \u2013 and member of the collective Mais Mulheres Audiovisual, where she works for gender equity in the audiovisual market. <\/div><a class=\"elementor-button elementor-size-md jet-image-accordion__button\" role=\"button\" tabindex=\"0\" href=\"https:\/\/www.linkedin.com\/in\/alet%C3%A9ia-selonk-bb213520\/\" target=\"_blank\"><\/a><\/div>\n\t<div class=\"jet-image-accordion__item-loader\"><span><\/span><\/div>\n<\/div>\n<div class=\"jet-image-accordion__item\" role=\"tab\" aria-selected=\"false\" tabindex=\"0\">\n<img decoding=\"async\" class=\"jet-image-accordion__image-instance\" src=\"https:\/\/okna.com.br\/wp-content\/uploads\/2022\/09\/okna-producoes-equipe-grazi.webp\" alt=\"okna-producoes-equipe-grazi\">\t<div class=\"jet-image-accordion__content\"><h3 class=\"jet-image-accordion__title\">Graziella Ferst<\/h3><div class=\"jet-image-accordion__desc\">Executive Producer. Responsible for the coordination of projects since the foundation of the company, where her professional career has been built. Specialist in cinema (Unisinos), holds a bachelor\u2019s degree in Public Relations (UFRGS).<\/div><a class=\"elementor-button elementor-size-md jet-image-accordion__button\" role=\"button\" tabindex=\"0\" href=\"https:\/\/www.linkedin.com\/in\/graziella-ferst-a51b5638\/\" target=\"_blank\"><\/a><\/div>\n\t<div class=\"jet-image-accordion__item-loader\"><span><\/span><\/div>\n<\/div>\n<div class=\"jet-image-accordion__item\" role=\"tab\" aria-selected=\"false\" tabindex=\"0\">\n<img decoding=\"async\" class=\"jet-image-accordion__image-instance\" src=\"https:\/\/okna.com.br\/wp-content\/uploads\/2022\/09\/okna-producoes-equipe-marlise.webp\" alt=\"okna-producoes-equipe-marlise\">\t<div class=\"jet-image-accordion__content\"><h3 class=\"jet-image-accordion__title\">Marlise A\u00fade<\/h3><div class=\"jet-image-accordion__desc\">Executive Producer. With a wide experience in the audiovisual market, has worked as producer, coordinator, executive producer and director in pay, free and public TV channels, besides independent production companies. Holds a bachelor\u2019s degree in Journalism (UFRGS) with specialization in audiovisual production (PUCRS) and documentaries (EICTV).<\/div><a class=\"elementor-button elementor-size-md jet-image-accordion__button\" role=\"button\" tabindex=\"0\" href=\"https:\/\/www.linkedin.com\/in\/marliseaude\/\" target=\"_blank\"><\/a><\/div>\n\t<div class=\"jet-image-accordion__item-loader\"><span><\/span><\/div>\n<\/div>\n<div class=\"jet-image-accordion__item\" role=\"tab\" aria-selected=\"false\" tabindex=\"0\">\n<img decoding=\"async\" class=\"jet-image-accordion__image-instance\" src=\"https:\/\/okna.com.br\/wp-content\/uploads\/2022\/09\/quem-somos-equipe-aleteia-image-okna-producoes-produtora-de-conteudo-audiovisual.webp\" alt=\"quem-somos-equipe-aleteia-image-okna-producoes-produtora-de-conteudo-audiovisual\">\t<div class=\"jet-image-accordion__content\"><h3 class=\"jet-image-accordion__title\">Gina O\u00b4Donnell<\/h3><div class=\"jet-image-accordion__desc\">Iniciou sua carreira em 1973 trabalhando em produ\u00e7\u00f5es do \u00edcone Teixeirinha, parte da hist\u00f3ria\ndo cinema ga\u00facho. Nesta trajet\u00f3ria Gina passou por diversos n\u00facleos na produ\u00e7\u00e3o,\ndesempenhando as fun\u00e7\u00f5es de dire\u00e7\u00e3o de produ\u00e7\u00e3o em s\u00e9ries, curtas e longas-\nmetragens de fic\u00e7\u00e3o, document\u00e1rio e anima\u00e7\u00e3o. Este repert\u00f3rio de trabalhar em\nprojetos de diferentes portes, sendo grandes ou pequenas estruturas e equipes, com\nespecificidades t\u00e3o \u00fanicas a cada hist\u00f3ria a ser contada, proporcionaram uma ampla\ncapacidade de envolvimento nos projetos.<\/div><a class=\"elementor-button elementor-size-md jet-image-accordion__button\" role=\"button\" tabindex=\"0\" href=\"https:\/\/www.linkedin.com\/in\/gina-o%C2%B4donnell-a959a023\/\" target=\"_blank\"><\/a><\/div>\n\t<div class=\"jet-image-accordion__item-loader\"><span><\/span><\/div>\n<\/div>\n<\/div>\n<\/div>\n<\/div>\t\t<\/div>\n\t\t\t\t<\/div>\n\t\t\t\t<\/div>\n\t\t\t\t\t<\/div>\n\t\t\t\t<\/div>\n\t\t\t\t<\/div>\n\t\t","protected":false},"excerpt":{"rendered":"<p>Cat\u00e1logo Okna is the Polish word for windows. It carries, therefore, the company\u2019s essence: our productions are windows to the world, reaching everyone through exhibition screens. Founded in 2006 by producer Alet\u00e9ia Selonk, Okna Productions produces content and is dedicated to making projects for theater and television. Specialized in production and executive production of audiovisual [&hellip;]<\/p>\n","protected":false},"author":2,"featured_media":0,"parent":0,"menu_order":3,"comment_status":"closed","ping_status":"closed","template":"","meta":{"footnotes":""},"_links":{"self":[{"href":"https:\/\/okna.com.br\/en\/wp-json\/wp\/v2\/pages\/668"}],"collection":[{"href":"https:\/\/okna.com.br\/en\/wp-json\/wp\/v2\/pages"}],"about":[{"href":"https:\/\/okna.com.br\/en\/wp-json\/wp\/v2\/types\/page"}],"author":[{"embeddable":true,"href":"https:\/\/okna.com.br\/en\/wp-json\/wp\/v2\/users\/2"}],"replies":[{"embeddable":true,"href":"https:\/\/okna.com.br\/en\/wp-json\/wp\/v2\/comments?post=668"}],"version-history":[{"count":3,"href":"https:\/\/okna.com.br\/en\/wp-json\/wp\/v2\/pages\/668\/revisions"}],"predecessor-version":[{"id":671,"href":"https:\/\/okna.com.br\/en\/wp-json\/wp\/v2\/pages\/668\/revisions\/671"}],"wp:attachment":[{"href":"https:\/\/okna.com.br\/en\/wp-json\/wp\/v2\/media?parent=668"}],"curies":[{"name":"wp","href":"https:\/\/api.w.org\/{rel}","templated":true}]}}